{"id":2040,"date":"2026-05-07T15:53:30","date_gmt":"2026-05-07T18:53:30","guid":{"rendered":"https:\/\/yamadabrasil.com.br\/?page_id=2040"},"modified":"2026-05-07T15:59:48","modified_gmt":"2026-05-07T18:59:48","slug":"programa-de-privacidade","status":"publish","type":"page","link":"https:\/\/yamadabrasil.com.br\/es\/programa-de-privacidade\/","title":{"rendered":"PROGRAMA DE PRIVACIDAD"},"content":{"rendered":"<div data-elementor-type=\"wp-page\" data-elementor-id=\"2040\" class=\"elementor elementor-2040\" data-elementor-post-type=\"page\">\n\t\t\t\t<div class=\"elementor-element elementor-element-64a8e12 e-flex e-con-boxed wpr-particle-no wpr-jarallax-no wpr-parallax-no wpr-sticky-section-no wpr-equal-height-no e-con e-parent\" data-id=\"64a8e12\" data-element_type=\"container\" data-e-type=\"container\">\n\t\t\t\t\t<div class=\"e-con-inner\">\n\t\t\t\t<div class=\"elementor-element elementor-element-11d1e46 elementor-widget__width-inherit elementor-widget elementor-widget-button\" data-id=\"11d1e46\" data-element_type=\"widget\" data-e-type=\"widget\" data-widget_type=\"button.default\">\n\t\t\t\t\t\t\t\t\t\t<a class=\"elementor-button elementor-button-link elementor-size-sm\" href=\"https:\/\/yamadabrasil.com.br\/es\/\">\n\t\t\t\t\t\t<span class=\"elementor-button-content-wrapper\">\n\t\t\t\t\t\t\t\t\t<span class=\"elementor-button-text\">Inicio<\/span>\n\t\t\t\t\t<\/span>\n\t\t\t\t\t<\/a>\n\t\t\t\t\t\t\t\t<\/div>\n\t\t\t\t<div class=\"elementor-element elementor-element-82b5d0a elementor-widget elementor-widget-heading\" data-id=\"82b5d0a\" data-element_type=\"widget\" data-e-type=\"widget\" data-widget_type=\"heading.default\">\n\t\t\t\t\t<h2 class=\"elementor-heading-title elementor-size-default\">PROGRAMA DE PRIVACIDAD<\/h2>\t\t\t\t<\/div>\n\t\t\t\t<div class=\"elementor-element elementor-element-6fbed40 elementor-widget__width-initial elementor-widget elementor-widget-text-editor\" data-id=\"6fbed40\" data-element_type=\"widget\" data-e-type=\"widget\" data-widget_type=\"text-editor.default\">\n\t\t\t\t\t\t\t\t\t<p>PROGRAMA DE PRIVACIDAD<\/p><p>\u00a0<\/p><p class=\"translation-block\">La Direcci\u00f3n de YAMADA BRASIL est\u00e1 comprometida en liderar el camino de las mejores pr\u00e1cticas de negocios y de relaci\u00f3n con el mercado. En consonancia con las exigencias de la Ley Federal n.o 13.709\/18 - Ley General de Protecci\u00f3n de Datos (LGPD), reconocemos la importancia fundamental de garantizar la privacidad y protecci\u00f3n de los datos personales<\/p><p>\u00a0<\/p><p class=\"translation-block\">Con el compromiso de alcanzar altos est\u00e1ndares de conformidad y seguridad de la informaci\u00f3n, hemos establecido una asociaci\u00f3n estrat\u00e9gica con SOMAXI GROUP desde 16\/06\/2025, empresa renombrada especializada en asesoramiento para la implementaci\u00f3n de las mejores pr\u00e1cticas de Privacidad, Seguridad de la Informaci\u00f3n y Gesti\u00f3n del Riesgo<\/p><p>\u00a0<\/p><p class=\"translation-block\">En el presente contrato, SOMAXI GROUP ha designado al Sr. Magno Castro Alves y Thiago Castro Alves, profesionales Certificados en Protecci\u00f3n y Privacidad de Datos, para ocupar la funci\u00f3n de DPO - Data Protection Officer (Delegado de Protecci\u00f3n de Datos). Ellos estar\u00e1n al frente de las nuevas pr\u00e1cticas que se est\u00e1n implementando con el objetivo primordial de garantizar el mantenimiento de la SEGURIDAD, PROTECCI\u00d3N Y PRIVACIDAD DE LOS DATOS personales tratados por esta compa\u00f1\u00eda.<\/p><p>\u00a0<\/p><p class=\"translation-block\">Al emprender este camino, con el objetivo de asegurar no solo el cumplimiento de la legislaci\u00f3n vigente, sino tambi\u00e9n fortalecer la confianza de nuestros clientes, socios y colaboradores, demostramos nuestro compromiso con la protecci\u00f3n y la integridad de los datos personales que reciben tratamiento por el Controlador YAMADA BRASIL<\/p><p>\u00a0<\/p><p>Estamos seguros de que, con la experiencia de SOMAXI GROUP, alcanzaremos un nivel diferenciado en t\u00e9rminos de gobierno de datos, promoviendo as\u00ed la excelencia en nuestras operaciones y reforzando nuestra posici\u00f3n como referencia en el mercado en el que actuamos<\/p><p>\u00a0<\/p><p>Contamos con la colaboraci\u00f3n y colaboraci\u00f3n continua de todos los involucrados en este proceso, y estamos seguros de que juntos alcanzaremos los m\u00e1s altos est\u00e1ndares de excelencia en privacidad, seguridad de la informaci\u00f3n y gesti\u00f3n de riesgos<\/p><p>\u00a0<\/p><p>Para cuestiones relacionadas con el tratamiento de datos personales por nuestra empresa, recomendamos que los interesados que se relacionan con nosotros nos contacten a trav\u00e9s de los siguientes medios:<\/p><p>\u00a0<\/p><p>Somaxi Group &#8211; DpoaaS<\/p><p>E-mail: <a href=\"mailto:lgpd@ydk.ind.br\">lgpd@ydk.ind.br<\/a><\/p><p>Telefono<\/p>\t\t\t\t\t\t\t\t<\/div>\n\t\t\t\t\t<\/div>\n\t\t\t\t<\/div>\n\t\t\t\t<\/div>","protected":false},"excerpt":{"rendered":"<p>Voltar PROGRAMA DE PRIVACIDADE PROGRAMA DE PRIVACIDADE \u00a0 A Diretoria da YAMADA BRASIL est\u00e1 empenhada em liderar o caminho das melhores pr\u00e1ticas de neg\u00f3cios e de relacionamento com o mercado. Em conson\u00e2ncia com as exig\u00eancias da Lei Federal n\u00ba 13.709\/18 &#8211; Lei Geral de Prote\u00e7\u00e3o de Dados (LGPD), reconhecemos a import\u00e2ncia fundamental de garantir a privacidade e prote\u00e7\u00e3o dos dados pessoais. \u00a0 Com o compromisso de alcan\u00e7ar padr\u00f5es elevados de conformidade e seguran\u00e7a da informa\u00e7\u00e3o, estabelecemos uma parceria estrat\u00e9gica com a SOMAXI GROUP desde 16\/06\/2025, empresa renomada especializada em assessoria para implementa\u00e7\u00e3o das melhores pr\u00e1ticas de privacidade, seguran\u00e7a da informa\u00e7\u00e3o e gest\u00e3o de riscos. \u00a0 Na presente empreitada, a SOMAXI GROUP designou o Sr. Magno Castro Alves e Thiago Castro Alves, profissionais Certificados em Prote\u00e7\u00e3o e Privacidade de Dados, para ocupar a fun\u00e7\u00e3o de DPO &#8211; Data Protection Officer (Encarregado de Dados). Eles estar\u00e3o \u00e0 frente das novas pr\u00e1ticas que est\u00e3o sendo implementadas com o objetivo primordial de garantir a manuten\u00e7\u00e3o da SEGURAN\u00c7A, PROTE\u00c7\u00c3O E PRIVACIDADE DOS DADOS pessoais tratados por esta companhia. \u00a0 Ao trilharmos esse caminho, visando assegurar n\u00e3o apenas a conformidade com a legisla\u00e7\u00e3o vigente, mas tamb\u00e9m fortalecer a confian\u00e7a de nossos clientes, parceiros e colaboradores, demonstramos nosso comprometimento com a prote\u00e7\u00e3o e a integridade dos dados pessoais que recebem tratamento pelo Controlador YAMADA BRASIL. \u00a0 Estamos confiantes de que, com a expertise da SOMAXI GROUP, alcan\u00e7aremos um patamar diferenciado em termos de governan\u00e7a de dados, promovendo assim a excel\u00eancia em nossas opera\u00e7\u00f5es e refor\u00e7ando nossa posi\u00e7\u00e3o como refer\u00eancia no mercado em que atuamos. \u00a0 Contamos com a parceria e colabora\u00e7\u00e3o cont\u00ednua de todos os envolvidos nesse processo, e estamos certos de que, juntos, alcan\u00e7aremos os mais altos padr\u00f5es de excel\u00eancia em privacidade, seguran\u00e7a da informa\u00e7\u00e3o e gest\u00e3o de riscos. \u00a0 Para quest\u00f5es relacionadas ao tratamento de dados pessoais por nossa empresa, encorajamos que os titulares de dados que se relacionam conosco entrem em contato pelos seguintes meios: \u00a0 Somaxi Group &#8211; DpoaaS E-mail: lgpd@ydk.ind.br Telefones: Magno Castro Alves \/ (92) 93300-2599 \u2013 Thiago Castro Alves \/ (47) 92002-3198<\/p>","protected":false},"author":1,"featured_media":0,"parent":0,"menu_order":0,"comment_status":"closed","ping_status":"closed","template":"elementor_canvas","meta":{"footnotes":""},"class_list":["post-2040","page","type-page","status-publish","hentry","entry"],"_links":{"self":[{"href":"https:\/\/yamadabrasil.com.br\/es\/wp-json\/wp\/v2\/pages\/2040","targetHints":{"allow":["GET"]}}],"collection":[{"href":"https:\/\/yamadabrasil.com.br\/es\/wp-json\/wp\/v2\/pages"}],"about":[{"href":"https:\/\/yamadabrasil.com.br\/es\/wp-json\/wp\/v2\/types\/page"}],"author":[{"embeddable":true,"href":"https:\/\/yamadabrasil.com.br\/es\/wp-json\/wp\/v2\/users\/1"}],"replies":[{"embeddable":true,"href":"https:\/\/yamadabrasil.com.br\/es\/wp-json\/wp\/v2\/comments?post=2040"}],"version-history":[{"count":4,"href":"https:\/\/yamadabrasil.com.br\/es\/wp-json\/wp\/v2\/pages\/2040\/revisions"}],"predecessor-version":[{"id":2056,"href":"https:\/\/yamadabrasil.com.br\/es\/wp-json\/wp\/v2\/pages\/2040\/revisions\/2056"}],"wp:attachment":[{"href":"https:\/\/yamadabrasil.com.br\/es\/wp-json\/wp\/v2\/media?parent=2040"}],"curies":[{"name":"wp","href":"https:\/\/api.w.org\/{rel}","templated":true}]}}