{"id":42,"date":"2026-04-20T14:32:01","date_gmt":"2026-04-20T17:32:01","guid":{"rendered":"http:\/\/yamada.konec.tech\/?page_id=42"},"modified":"2026-05-06T18:06:35","modified_gmt":"2026-05-06T21:06:35","slug":"iniciativas","status":"publish","type":"page","link":"https:\/\/yamadabrasil.com.br\/ja\/iniciativas\/","title":{"rendered":"\u53d6\u308a\u7d44\u307f"},"content":{"rendered":"<div data-elementor-type=\"wp-page\" data-elementor-id=\"42\" class=\"elementor elementor-42\" data-elementor-post-type=\"page\">\n\t\t\t\t<div class=\"elementor-element elementor-element-455cf09 elementor-hidden-desktop elementor-hidden-tablet elementor-hidden-mobile e-flex e-con-boxed wpr-particle-no wpr-jarallax-no wpr-parallax-no wpr-sticky-section-no wpr-equal-height-no e-con e-parent\" data-id=\"455cf09\" data-element_type=\"container\" data-e-type=\"container\">\n\t\t\t\t\t<div class=\"e-con-inner\">\n\t\t\t\t<div class=\"elementor-element elementor-element-61a87b5 elementor-widget elementor-widget-heading\" data-id=\"61a87b5\" data-element_type=\"widget\" data-e-type=\"widget\" data-widget_type=\"heading.default\">\n\t\t\t\t\t<h2 class=\"elementor-heading-title elementor-size-default\"><a href=\"https:\/\/konec.digital\" target=\"_blank\" rel=\"noopener\"> Iniciativas Iniciativas Iniciativas Iniciativas Iniciativas Iniciativas<\/a><\/h2>\t\t\t\t<\/div>\n\t\t\t\t<div class=\"elementor-element elementor-element-328c54d elementor-widget elementor-widget-heading\" data-id=\"328c54d\" data-element_type=\"widget\" data-e-type=\"widget\" data-widget_type=\"heading.default\">\n\t\t\t\t\t<h2 class=\"elementor-heading-title elementor-size-default\"><a href=\"https:\/\/yamadabrasil.com.br\/ja\/\" rel=\"nofollow\"> Iniciativas Iniciativas Iniciativas Iniciativas Iniciativas Iniciativas<\/a><\/h2>\t\t\t\t<\/div>\n\t\t\t\t<div class=\"elementor-element elementor-element-7e8b8de elementor-widget elementor-widget-text-editor\" data-id=\"7e8b8de\" data-element_type=\"widget\" data-e-type=\"widget\" data-widget_type=\"text-editor.default\">\n\t\t\t\t\t\t\t\t\t<p>Lorem ipsum dolor sit amet, consectetur adipiscing elit. Ut elit tellus, luctus nec ullamcorper mattis, pulvinar dapibus leo.<\/p><p>Lorem ipsum dolor sit amet, consectetur adipiscing elit. Ut elit tellus, luctus nec ullamcorper mattis, pulvinar dapibus leo.<\/p><p>Lorem ipsum dolor sit amet, consectetur adipiscing elit. Ut elit tellus, luctus nec ullamcorper mattis, pulvinar dapibus leo.<\/p><p>Lorem ipsum dolor sit amet, consectetur adipiscing elit. Ut elit tellus, luctus nec ullamcorper mattis, pulvinar dapibus leo.<\/p><p>Lorem ipsum dolor sit amet, consectetur adipiscing elit. Ut elit tellus, luctus nec ullamcorper mattis, pulvinar dapibus leo.<\/p><p>Lorem ipsum dolor sit amet, consectetur adipiscing elit. Ut elit tellus, luctus nec ullamcorper mattis, pulvinar dapibus leo.<\/p><p>Lorem ipsum dolor sit amet, consectetur adipiscing elit. Ut elit tellus, luctus nec ullamcorper mattis, pulvinar dapibus leo.<\/p><p>Lorem ipsum dolor sit amet, consectetur adipiscing elit. Ut elit tellus, luctus nec ullamcorper mattis, pulvinar dapibus leo.<\/p><p>Lorem ipsum dolor sit amet, consectetur adipiscing elit. Ut elit tellus, luctus nec ullamcorper mattis, pulvinar dapibus leo.<\/p><p>Lorem ipsum dolor sit amet, consectetur adipiscing elit. Ut elit tellus, luctus nec ullamcorper mattis, pulvinar dapibus leo.<\/p><p>Lorem ipsum dolor sit amet, consectetur adipiscing elit. Ut elit tellus, luctus nec ullamcorper mattis, pulvinar dapibus leo.<\/p><p>Lorem ipsum dolor sit amet, consectetur adipiscing elit. Ut elit tellus, luctus nec ullamcorper mattis, pulvinar dapibus leo.<\/p><p>Lorem ipsum dolor sit amet, consectetur adipiscing elit. Ut elit tellus, luctus nec ullamcorper mattis, pulvinar dapibus leo.<\/p><p>Lorem ipsum dolor sit amet, consectetur adipiscing elit. Ut elit tellus, luctus nec ullamcorper mattis, pulvinar dapibus leo.<\/p><p>Lorem ipsum dolor sit amet, consectetur adipiscing elit. Ut elit tellus, luctus nec ullamcorper mattis, pulvinar dapibus leo.<\/p><p>Lorem ipsum dolor sit amet, consectetur adipiscing elit. Ut elit tellus, luctus nec ullamcorper mattis, pulvinar dapibus leo.<\/p><p>Lorem ipsum dolor sit amet, consectetur adipiscing elit. Ut elit tellus, luctus nec ullamcorper mattis, pulvinar dapibus leo.<\/p><p>Lorem ipsum dolor sit amet, consectetur adipiscing elit. Ut elit tellus, luctus nec ullamcorper mattis, pulvinar dapibus leo.<\/p><p>Lorem ipsum dolor sit amet, consectetur adipiscing elit. Ut elit tellus, luctus nec ullamcorper mattis, pulvinar dapibus leo.<\/p><p>Lorem ipsum dolor sit amet, consectetur adipiscing elit. Ut elit tellus, luctus nec ullamcorper mattis, pulvinar dapibus leo.<\/p><p>Lorem ipsum dolor sit amet, consectetur adipiscing elit. Ut elit tellus, luctus nec ullamcorper mattis, pulvinar dapibus leo.<\/p><p>Lorem ipsum dolor sit amet, consectetur adipiscing elit. Ut elit tellus, luctus nec ullamcorper mattis, pulvinar dapibus leo.<\/p><p>Lorem ipsum dolor sit amet, consectetur adipiscing elit. Ut elit tellus, luctus nec ullamcorper mattis, pulvinar dapibus leo.<\/p><p>Lorem ipsum dolor sit amet, consectetur adipiscing elit. Ut elit tellus, luctus nec ullamcorper mattis, pulvinar dapibus leo.<\/p><p>Lorem ipsum dolor sit amet, consectetur adipiscing elit. Ut elit tellus, luctus nec ullamcorper mattis, pulvinar dapibus leo.<\/p><p>Lorem ipsum dolor sit amet, consectetur adipiscing elit. Ut elit tellus, luctus nec ullamcorper mattis, pulvinar dapibus leo.<\/p><p>Lorem ipsum dolor sit amet, consectetur adipiscing elit. Ut elit tellus, luctus nec ullamcorper mattis, pulvinar dapibus leo.<\/p><p>Lorem ipsum dolor sit amet, consectetur adipiscing elit. Ut elit tellus, luctus nec ullamcorper mattis, pulvinar dapibus leo.<\/p><p>Lorem ipsum dolor sit amet, consectetur adipiscing elit. Ut elit tellus, luctus nec ullamcorper mattis, pulvinar dapibus leo.<\/p><p>Lorem ipsum dolor sit amet, consectetur adipiscing elit. Ut elit tellus, luctus nec ullamcorper mattis, pulvinar dapibus leo.<\/p><p>Lorem ipsum dolor sit amet, consectetur adipiscing elit. Ut elit tellus, luctus nec ullamcorper mattis, pulvinar dapibus leo.<\/p><p>Lorem ipsum dolor sit amet, consectetur adipiscing elit. Ut elit tellus, luctus nec ullamcorper mattis, pulvinar dapibus leo.<\/p>\t\t\t\t\t\t\t\t<\/div>\n\t\t\t\t\t<\/div>\n\t\t\t\t<\/div>\n\t\t<div class=\"elementor-element elementor-element-23af8fd elementor-hidden-tablet elementor-hidden-mobile e-flex e-con-boxed wpr-particle-no wpr-jarallax-no wpr-parallax-no wpr-sticky-section-no wpr-equal-height-no e-con e-parent\" data-id=\"23af8fd\" data-element_type=\"container\" data-e-type=\"container\">\n\t\t\t\t\t<div class=\"e-con-inner\">\n\t\t<div class=\"elementor-element elementor-element-5b5237e e-con-full e-flex wpr-particle-no wpr-jarallax-no wpr-parallax-no wpr-sticky-section-no wpr-equal-height-no e-con e-child\" data-id=\"5b5237e\" data-element_type=\"container\" data-e-type=\"container\">\n\t\t\t\t<div class=\"elementor-element elementor-element-1d20cd7 elementor-widget__width-inherit elementor-widget elementor-widget-heading\" data-id=\"1d20cd7\" data-element_type=\"widget\" data-e-type=\"widget\" data-widget_type=\"heading.default\">\n\t\t\t\t\t<h2 class=\"elementor-heading-title elementor-size-default\">\u53d6\u308a\u7d44\u307f<\/h2>\t\t\t\t<\/div>\n\t\t\t\t<div class=\"elementor-element elementor-element-180b2e7 elementor-widget__width-inherit elementor-widget elementor-widget-text-editor\" data-id=\"180b2e7\" data-element_type=\"widget\" data-e-type=\"widget\" data-widget_type=\"text-editor.default\">\n\t\t\t\t\t\t\t\t\t<p>\u4eba\u6750\u3001\u7d44\u7e54\u6587\u5316\u3001\u6301\u7d9a\u53ef\u80fd\u6027\u306a\u3089\u3073\u306b\u591a\u69d8\u6027\u3001\u305d\u3057\u3066\u793e\u5185\u306e\u9023\u643a\u5f37\u5316\u306b\u5bfe\u3059\u308b\u53d6\u308a\u7d44\u307f\u3068\u3057\u3066\u3001\u4f53\u7cfb\u7684\u306a\u65bd\u7b56\u3092\u63a8\u9032\u3057\u3066\u304a\u308a\u307e\u3059\u3002<\/p><p>\u3053\u308c\u3089\u306e\u65bd\u7b56\u306f\u6226\u7565\u7684\u306a\u67f1\u306e\u3082\u3068\u306b\u4f53\u7cfb\u5316\u3055\u308c\u3066\u304a\u308a\u3001\u4eba\u6750\u80b2\u6210\u3001\u5f93\u696d\u54e1\u30a8\u30f3\u30b2\u30fc\u30b8\u30e1\u30f3\u30c8\u306e\u5411\u4e0a\u306a\u3089\u3073\u306b\u5065\u5168\u3067\u5354\u50cd\u7684\u304b\u3064\u6301\u7d9a\u53ef\u80fd\u306a\u8077\u5834\u74b0\u5883\u306e\u69cb\u7bc9\u3092\u63a8\u9032\u3057\u3066\u304a\u308a\u307e\u3059\u3002<\/p>\t\t\t\t\t\t\t\t<\/div>\n\t\t\t\t<div class=\"elementor-element elementor-element-3025eea elementor-align-center interativo elementor-widget elementor-widget-button\" data-id=\"3025eea\" data-element_type=\"widget\" data-e-type=\"widget\" data-widget_type=\"button.default\">\n\t\t\t\t\t\t\t\t\t\t<a class=\"elementor-button elementor-button-link elementor-size-sm\" href=\"#\">\n\t\t\t\t\t\t<span class=\"elementor-button-content-wrapper\">\n\t\t\t\t\t\t\t\t\t<span class=\"elementor-button-text\">\u5404\u30a2\u30a4\u30b3\u30f3\u3092\u30af\u30ea\u30c3\u30af\u3059\u308b\u3068\u3001\u8a73\u7d30\u3092\u3054\u78ba\u8a8d\u3044\u305f\u3060\u3051\u307e\u3059\u3002<\/span>\n\t\t\t\t\t<\/span>\n\t\t\t\t\t<\/a>\n\t\t\t\t\t\t\t\t<\/div>\n\t\t\t\t<\/div>\n\t\t<div class=\"elementor-element elementor-element-5bcc774 e-con-full e-flex wpr-particle-no wpr-jarallax-no wpr-parallax-no wpr-sticky-section-no wpr-equal-height-no e-con e-child\" data-id=\"5bcc774\" data-element_type=\"container\" data-e-type=\"container\">\n\t\t\t\t<div class=\"elementor-element elementor-element-dec77c5 elementor-widget__width-initial elementor-widget elementor-widget-image\" data-id=\"dec77c5\" data-element_type=\"widget\" data-e-type=\"widget\" data-widget_type=\"image.default\">\n\t\t\t\t\t\t\t\t\t\t\t\t\t\t\t\t<a href=\"#elementor-action%3Aaction%3Dpopup%3Aopen%26settings%3DeyJpZCI6IjEyMjQiLCJ0b2dnbGUiOmZhbHNlfQ%3D%3D\">\n\t\t\t\t\t\t\t<img fetchpriority=\"high\" decoding=\"async\" width=\"511\" height=\"488\" src=\"https:\/\/yamadabrasil.com.br\/wp-content\/uploads\/2026\/04\/3-1.png\" class=\"attachment-full size-full wp-image-651\" alt=\"Iniciativas\" srcset=\"https:\/\/yamadabrasil.com.br\/wp-content\/uploads\/2026\/04\/3-1.png 511w, https:\/\/yamadabrasil.com.br\/wp-content\/uploads\/2026\/04\/3-1-300x286.png 300w, https:\/\/yamadabrasil.com.br\/wp-content\/uploads\/2026\/04\/3-1-13x12.png 13w\" sizes=\"(max-width: 511px) 100vw, 511px\" title=\"\">\t\t\t\t\t\t\t\t<\/a>\n\t\t\t\t\t\t\t\t\t\t\t\t\t\t\t<\/div>\n\t\t\t\t<div class=\"elementor-element elementor-element-9d0ceb7 elementor-widget__width-initial elementor-widget elementor-widget-image\" data-id=\"9d0ceb7\" data-element_type=\"widget\" data-e-type=\"widget\" data-widget_type=\"image.default\">\n\t\t\t\t\t\t\t\t\t\t\t\t\t\t\t\t<a href=\"#elementor-action%3Aaction%3Dpopup%3Aopen%26settings%3DeyJpZCI6IjEyNzEiLCJ0b2dnbGUiOmZhbHNlfQ%3D%3D\">\n\t\t\t\t\t\t\t<img decoding=\"async\" width=\"500\" height=\"500\" src=\"https:\/\/yamadabrasil.com.br\/wp-content\/uploads\/2026\/04\/3-3.png\" class=\"attachment-full size-full wp-image-652\" alt=\"\" srcset=\"https:\/\/yamadabrasil.com.br\/wp-content\/uploads\/2026\/04\/3-3.png 500w, https:\/\/yamadabrasil.com.br\/wp-content\/uploads\/2026\/04\/3-3-300x300.png 300w, https:\/\/yamadabrasil.com.br\/wp-content\/uploads\/2026\/04\/3-3-150x150.png 150w, https:\/\/yamadabrasil.com.br\/wp-content\/uploads\/2026\/04\/3-3-12x12.png 12w\" sizes=\"(max-width: 500px) 100vw, 500px\" title=\"\">\t\t\t\t\t\t\t\t<\/a>\n\t\t\t\t\t\t\t\t\t\t\t\t\t\t\t<\/div>\n\t\t\t\t<div class=\"elementor-element elementor-element-0fc5c7d elementor-widget__width-initial elementor-widget elementor-widget-image\" data-id=\"0fc5c7d\" data-element_type=\"widget\" data-e-type=\"widget\" data-widget_type=\"image.default\">\n\t\t\t\t\t\t\t\t\t\t\t\t\t\t\t\t<a href=\"#elementor-action%3Aaction%3Dpopup%3Aopen%26settings%3DeyJpZCI6IjEzMjUiLCJ0b2dnbGUiOmZhbHNlfQ%3D%3D\">\n\t\t\t\t\t\t\t<img decoding=\"async\" width=\"500\" height=\"500\" src=\"https:\/\/yamadabrasil.com.br\/wp-content\/uploads\/2026\/04\/1-3.png\" class=\"attachment-full size-full wp-image-653\" alt=\"\" srcset=\"https:\/\/yamadabrasil.com.br\/wp-content\/uploads\/2026\/04\/1-3.png 500w, https:\/\/yamadabrasil.com.br\/wp-content\/uploads\/2026\/04\/1-3-300x300.png 300w, https:\/\/yamadabrasil.com.br\/wp-content\/uploads\/2026\/04\/1-3-150x150.png 150w, https:\/\/yamadabrasil.com.br\/wp-content\/uploads\/2026\/04\/1-3-12x12.png 12w\" sizes=\"(max-width: 500px) 100vw, 500px\" title=\"\">\t\t\t\t\t\t\t\t<\/a>\n\t\t\t\t\t\t\t\t\t\t\t\t\t\t\t<\/div>\n\t\t\t\t<div class=\"elementor-element elementor-element-b521420 elementor-widget__width-initial elementor-widget elementor-widget-image\" data-id=\"b521420\" data-element_type=\"widget\" data-e-type=\"widget\" data-widget_type=\"image.default\">\n\t\t\t\t\t\t\t\t\t\t\t\t\t\t\t\t<a href=\"#elementor-action%3Aaction%3Dpopup%3Aopen%26settings%3DeyJpZCI6IjEzNzUiLCJ0b2dnbGUiOmZhbHNlfQ%3D%3D\">\n\t\t\t\t\t\t\t<img loading=\"lazy\" decoding=\"async\" width=\"500\" height=\"500\" src=\"https:\/\/yamadabrasil.com.br\/wp-content\/uploads\/2026\/04\/2-3.png\" class=\"attachment-full size-full wp-image-654\" alt=\"\" srcset=\"https:\/\/yamadabrasil.com.br\/wp-content\/uploads\/2026\/04\/2-3.png 500w, https:\/\/yamadabrasil.com.br\/wp-content\/uploads\/2026\/04\/2-3-300x300.png 300w, https:\/\/yamadabrasil.com.br\/wp-content\/uploads\/2026\/04\/2-3-150x150.png 150w, https:\/\/yamadabrasil.com.br\/wp-content\/uploads\/2026\/04\/2-3-12x12.png 12w\" sizes=\"(max-width: 500px) 100vw, 500px\" title=\"\">\t\t\t\t\t\t\t\t<\/a>\n\t\t\t\t\t\t\t\t\t\t\t\t\t\t\t<\/div>\n\t\t\t\t<\/div>\n\t\t\t\t\t<\/div>\n\t\t\t\t<\/div>\n\t\t<div class=\"elementor-element elementor-element-1fd3c22 elementor-hidden-desktop e-flex e-con-boxed wpr-particle-no wpr-jarallax-no wpr-parallax-no wpr-sticky-section-no wpr-equal-height-no e-con e-parent\" data-id=\"1fd3c22\" data-element_type=\"container\" data-e-type=\"container\">\n\t\t\t\t\t<div class=\"e-con-inner\">\n\t\t<div class=\"elementor-element elementor-element-868b616 e-con-full e-flex wpr-particle-no wpr-jarallax-no wpr-parallax-no wpr-sticky-section-no wpr-equal-height-no e-con e-child\" data-id=\"868b616\" data-element_type=\"container\" data-e-type=\"container\">\n\t\t\t\t<div class=\"elementor-element elementor-element-3f18c13 elementor-widget__width-inherit elementor-widget elementor-widget-heading\" data-id=\"3f18c13\" data-element_type=\"widget\" data-e-type=\"widget\" data-widget_type=\"heading.default\">\n\t\t\t\t\t<h2 class=\"elementor-heading-title elementor-size-default\">\u53d6\u308a\u7d44\u307f<\/h2>\t\t\t\t<\/div>\n\t\t\t\t<div class=\"elementor-element elementor-element-881953c elementor-widget__width-inherit elementor-widget elementor-widget-text-editor\" data-id=\"881953c\" data-element_type=\"widget\" data-e-type=\"widget\" data-widget_type=\"text-editor.default\">\n\t\t\t\t\t\t\t\t\t<p>\u4eba\u6750\u3001\u7d44\u7e54\u6587\u5316\u3001\u6301\u7d9a\u53ef\u80fd\u6027\u306a\u3089\u3073\u306b\u591a\u69d8\u6027\u3001\u305d\u3057\u3066\u793e\u5185\u306e\u9023\u643a\u5f37\u5316\u306b\u5bfe\u3059\u308b\u53d6\u308a\u7d44\u307f\u3068\u3057\u3066\u3001\u4f53\u7cfb\u7684\u306a\u65bd\u7b56\u3092\u63a8\u9032\u3057\u3066\u304a\u308a\u307e\u3059\u3002<\/p><p>\u3053\u308c\u3089\u306e\u65bd\u7b56\u306f\u6226\u7565\u7684\u306a\u67f1\u306e\u3082\u3068\u306b\u4f53\u7cfb\u5316\u3055\u308c\u3066\u304a\u308a\u3001\u4eba\u6750\u80b2\u6210\u3001\u5f93\u696d\u54e1\u30a8\u30f3\u30b2\u30fc\u30b8\u30e1\u30f3\u30c8\u306e\u5411\u4e0a\u306a\u3089\u3073\u306b\u5065\u5168\u3067\u5354\u50cd\u7684\u304b\u3064\u6301\u7d9a\u53ef\u80fd\u306a\u8077\u5834\u74b0\u5883\u306e\u69cb\u7bc9\u3092\u63a8\u9032\u3057\u3066\u304a\u308a\u307e\u3059\u3002<\/p>\t\t\t\t\t\t\t\t<\/div>\n\t\t\t\t<div class=\"elementor-element elementor-element-6b0ff65 elementor-align-center interativo elementor-widget-mobile__width-initial elementor-widget elementor-widget-button\" data-id=\"6b0ff65\" data-element_type=\"widget\" data-e-type=\"widget\" data-widget_type=\"button.default\">\n\t\t\t\t\t\t\t\t\t\t<a class=\"elementor-button elementor-button-link elementor-size-sm\" href=\"#\">\n\t\t\t\t\t\t<span class=\"elementor-button-content-wrapper\">\n\t\t\t\t\t\t\t\t\t<span class=\"elementor-button-text\">\u5404\u30a2\u30a4\u30b3\u30f3\u3092\u30af\u30ea\u30c3\u30af\u3059\u308b\u3068\u3001\u8a73\u7d30\u3092\u3054\u78ba\u8a8d\u3044\u305f\u3060\u3051\u307e\u3059\u3002<\/span>\n\t\t\t\t\t<\/span>\n\t\t\t\t\t<\/a>\n\t\t\t\t\t\t\t\t<\/div>\n\t\t\t\t<\/div>\n\t\t<div class=\"elementor-element elementor-element-c808aa6 e-con-full e-flex wpr-particle-no wpr-jarallax-no wpr-parallax-no wpr-sticky-section-no wpr-equal-height-no e-con e-child\" data-id=\"c808aa6\" data-element_type=\"container\" data-e-type=\"container\">\n\t\t\t\t<div class=\"elementor-element elementor-element-0eaeac8 elementor-widget__width-initial elementor-widget elementor-widget-image\" data-id=\"0eaeac8\" data-element_type=\"widget\" data-e-type=\"widget\" data-widget_type=\"image.default\">\n\t\t\t\t\t\t\t\t\t\t\t\t\t\t\t\t<a href=\"#elementor-action%3Aaction%3Dpopup%3Aopen%26settings%3DeyJpZCI6IjEyMjQiLCJ0b2dnbGUiOmZhbHNlfQ%3D%3D\">\n\t\t\t\t\t\t\t<img fetchpriority=\"high\" decoding=\"async\" width=\"511\" height=\"488\" src=\"https:\/\/yamadabrasil.com.br\/wp-content\/uploads\/2026\/04\/3-1.png\" class=\"attachment-full size-full wp-image-651\" alt=\"Iniciativas\" srcset=\"https:\/\/yamadabrasil.com.br\/wp-content\/uploads\/2026\/04\/3-1.png 511w, https:\/\/yamadabrasil.com.br\/wp-content\/uploads\/2026\/04\/3-1-300x286.png 300w, https:\/\/yamadabrasil.com.br\/wp-content\/uploads\/2026\/04\/3-1-13x12.png 13w\" sizes=\"(max-width: 511px) 100vw, 511px\" title=\"\">\t\t\t\t\t\t\t\t<\/a>\n\t\t\t\t\t\t\t\t\t\t\t\t\t\t\t<\/div>\n\t\t\t\t<div class=\"elementor-element elementor-element-6ee23da elementor-widget__width-initial elementor-widget elementor-widget-image\" data-id=\"6ee23da\" data-element_type=\"widget\" data-e-type=\"widget\" data-widget_type=\"image.default\">\n\t\t\t\t\t\t\t\t\t\t\t\t\t\t\t\t<a href=\"#elementor-action%3Aaction%3Dpopup%3Aopen%26settings%3DeyJpZCI6IjEyNzEiLCJ0b2dnbGUiOmZhbHNlfQ%3D%3D\">\n\t\t\t\t\t\t\t<img decoding=\"async\" width=\"500\" height=\"500\" src=\"https:\/\/yamadabrasil.com.br\/wp-content\/uploads\/2026\/04\/3-3.png\" class=\"attachment-full size-full wp-image-652\" alt=\"\" srcset=\"https:\/\/yamadabrasil.com.br\/wp-content\/uploads\/2026\/04\/3-3.png 500w, https:\/\/yamadabrasil.com.br\/wp-content\/uploads\/2026\/04\/3-3-300x300.png 300w, https:\/\/yamadabrasil.com.br\/wp-content\/uploads\/2026\/04\/3-3-150x150.png 150w, https:\/\/yamadabrasil.com.br\/wp-content\/uploads\/2026\/04\/3-3-12x12.png 12w\" sizes=\"(max-width: 500px) 100vw, 500px\" title=\"\">\t\t\t\t\t\t\t\t<\/a>\n\t\t\t\t\t\t\t\t\t\t\t\t\t\t\t<\/div>\n\t\t\t\t<\/div>\n\t\t<div class=\"elementor-element elementor-element-3da929f e-con-full e-flex wpr-particle-no wpr-jarallax-no wpr-parallax-no wpr-sticky-section-no wpr-equal-height-no e-con e-child\" data-id=\"3da929f\" data-element_type=\"container\" data-e-type=\"container\">\n\t\t\t\t<div class=\"elementor-element elementor-element-eec1d0d elementor-widget__width-initial elementor-widget elementor-widget-image\" data-id=\"eec1d0d\" data-element_type=\"widget\" data-e-type=\"widget\" data-widget_type=\"image.default\">\n\t\t\t\t\t\t\t\t\t\t\t\t\t\t\t\t<a href=\"#elementor-action%3Aaction%3Dpopup%3Aopen%26settings%3DeyJpZCI6IjEzMjUiLCJ0b2dnbGUiOmZhbHNlfQ%3D%3D\">\n\t\t\t\t\t\t\t<img decoding=\"async\" width=\"500\" height=\"500\" src=\"https:\/\/yamadabrasil.com.br\/wp-content\/uploads\/2026\/04\/1-3.png\" class=\"attachment-full size-full wp-image-653\" alt=\"\" srcset=\"https:\/\/yamadabrasil.com.br\/wp-content\/uploads\/2026\/04\/1-3.png 500w, https:\/\/yamadabrasil.com.br\/wp-content\/uploads\/2026\/04\/1-3-300x300.png 300w, https:\/\/yamadabrasil.com.br\/wp-content\/uploads\/2026\/04\/1-3-150x150.png 150w, https:\/\/yamadabrasil.com.br\/wp-content\/uploads\/2026\/04\/1-3-12x12.png 12w\" sizes=\"(max-width: 500px) 100vw, 500px\" title=\"\">\t\t\t\t\t\t\t\t<\/a>\n\t\t\t\t\t\t\t\t\t\t\t\t\t\t\t<\/div>\n\t\t\t\t<div class=\"elementor-element elementor-element-3629d84 elementor-widget__width-initial elementor-widget-mobile__width-initial elementor-widget elementor-widget-image\" data-id=\"3629d84\" data-element_type=\"widget\" data-e-type=\"widget\" data-widget_type=\"image.default\">\n\t\t\t\t\t\t\t\t\t\t\t\t\t\t\t\t<a href=\"#elementor-action%3Aaction%3Dpopup%3Aopen%26settings%3DeyJpZCI6IjEzNzUiLCJ0b2dnbGUiOmZhbHNlfQ%3D%3D\">\n\t\t\t\t\t\t\t<img loading=\"lazy\" decoding=\"async\" width=\"500\" height=\"500\" src=\"https:\/\/yamadabrasil.com.br\/wp-content\/uploads\/2026\/04\/2-3.png\" class=\"attachment-full size-full wp-image-654\" alt=\"\" srcset=\"https:\/\/yamadabrasil.com.br\/wp-content\/uploads\/2026\/04\/2-3.png 500w, https:\/\/yamadabrasil.com.br\/wp-content\/uploads\/2026\/04\/2-3-300x300.png 300w, https:\/\/yamadabrasil.com.br\/wp-content\/uploads\/2026\/04\/2-3-150x150.png 150w, https:\/\/yamadabrasil.com.br\/wp-content\/uploads\/2026\/04\/2-3-12x12.png 12w\" sizes=\"(max-width: 500px) 100vw, 500px\" title=\"\">\t\t\t\t\t\t\t\t<\/a>\n\t\t\t\t\t\t\t\t\t\t\t\t\t\t\t<\/div>\n\t\t\t\t<\/div>\n\t\t\t\t\t<\/div>\n\t\t\t\t<\/div>\n\t\t\t\t<\/div>","protected":false},"excerpt":{"rendered":"<p>Iniciativas Iniciativas Iniciativas Iniciativas Iniciativas Iniciativas Iniciativas Iniciativas Iniciativas Iniciativas Iniciativas Iniciativas Lorem ipsum dolor sit amet, consectetur adipiscing elit. Ut elit tellus, luctus nec ullamcorper mattis, pulvinar dapibus leo. Lorem ipsum dolor sit amet, consectetur adipiscing elit. Ut elit tellus, luctus nec ullamcorper mattis, pulvinar dapibus leo. Lorem ipsum dolor sit amet, consectetur adipiscing elit. Ut elit tellus, luctus nec ullamcorper mattis, pulvinar dapibus leo. Lorem ipsum dolor sit amet, consectetur adipiscing elit. Ut elit tellus, luctus nec ullamcorper mattis, pulvinar dapibus leo. Lorem ipsum dolor sit amet, consectetur adipiscing elit. Ut elit tellus, luctus nec ullamcorper mattis, pulvinar dapibus leo. Lorem ipsum dolor sit amet, consectetur adipiscing elit. Ut elit tellus, luctus nec ullamcorper mattis, pulvinar dapibus leo. Lorem ipsum dolor sit amet, consectetur adipiscing elit. Ut elit tellus, luctus nec ullamcorper mattis, pulvinar dapibus leo. Lorem ipsum dolor sit amet, consectetur adipiscing elit. Ut elit tellus, luctus nec ullamcorper mattis, pulvinar dapibus leo. Lorem ipsum dolor sit amet, consectetur adipiscing elit. Ut elit tellus, luctus nec ullamcorper mattis, pulvinar dapibus leo. Lorem ipsum dolor sit amet, consectetur adipiscing elit. Ut elit tellus, luctus nec ullamcorper mattis, pulvinar dapibus leo. Lorem ipsum dolor sit amet, consectetur adipiscing elit. Ut elit tellus, luctus nec ullamcorper mattis, pulvinar dapibus leo. Lorem ipsum dolor sit amet, consectetur adipiscing elit. Ut elit tellus, luctus nec ullamcorper mattis, pulvinar dapibus leo. Lorem ipsum dolor sit amet, consectetur adipiscing elit. Ut elit tellus, luctus nec ullamcorper mattis, pulvinar dapibus leo. Lorem ipsum dolor sit amet, consectetur adipiscing elit. Ut elit tellus, luctus nec ullamcorper mattis, pulvinar dapibus leo. Lorem ipsum dolor sit amet, consectetur adipiscing elit. Ut elit tellus, luctus nec ullamcorper mattis, pulvinar dapibus leo. Lorem ipsum dolor sit amet, consectetur adipiscing elit. Ut elit tellus, luctus nec ullamcorper mattis, pulvinar dapibus leo. Lorem ipsum dolor sit amet, consectetur adipiscing elit. Ut elit tellus, luctus nec ullamcorper mattis, pulvinar dapibus leo. Lorem ipsum dolor sit amet, consectetur adipiscing elit. Ut elit tellus, luctus nec ullamcorper mattis, pulvinar dapibus leo. Lorem ipsum dolor sit amet, consectetur adipiscing elit. Ut elit tellus, luctus nec ullamcorper mattis, pulvinar dapibus leo. Lorem ipsum dolor sit amet, consectetur adipiscing elit. Ut elit tellus, luctus nec ullamcorper mattis, pulvinar dapibus leo. Lorem ipsum dolor sit amet, consectetur adipiscing elit. Ut elit tellus, luctus nec ullamcorper mattis, pulvinar dapibus leo. Lorem ipsum dolor sit amet, consectetur adipiscing elit. Ut elit tellus, luctus nec ullamcorper mattis, pulvinar dapibus leo. Lorem ipsum dolor sit amet, consectetur adipiscing elit. Ut elit tellus, luctus nec ullamcorper mattis, pulvinar dapibus leo. Lorem ipsum dolor sit amet, consectetur adipiscing elit. Ut elit tellus, luctus nec ullamcorper mattis, pulvinar dapibus leo. Lorem ipsum dolor sit amet, consectetur adipiscing elit. Ut elit tellus, luctus nec ullamcorper mattis, pulvinar dapibus leo. Lorem ipsum dolor sit amet, consectetur adipiscing elit. Ut elit tellus, luctus nec ullamcorper mattis, pulvinar dapibus leo. Lorem ipsum dolor sit amet, consectetur adipiscing elit. Ut elit tellus, luctus nec ullamcorper mattis, pulvinar dapibus leo. Lorem ipsum dolor sit amet, consectetur adipiscing elit. Ut elit tellus, luctus nec ullamcorper mattis, pulvinar dapibus leo. Lorem ipsum dolor sit amet, consectetur adipiscing elit. Ut elit tellus, luctus nec ullamcorper mattis, pulvinar dapibus leo. Lorem ipsum dolor sit amet, consectetur adipiscing elit. Ut elit tellus, luctus nec ullamcorper mattis, pulvinar dapibus leo. Lorem ipsum dolor sit amet, consectetur adipiscing elit. Ut elit tellus, luctus nec ullamcorper mattis, pulvinar dapibus leo. Lorem ipsum dolor sit amet, consectetur adipiscing elit. Ut elit tellus, luctus nec ullamcorper mattis, pulvinar dapibus leo. Iniciativas A Yamada Brasil desenvolve um conjunto de iniciativas estruturadas que refletem seu compromisso com as pessoas, a cultura organizacional, a sustentabilidade, a diversidade e o fortalecimento dos v\u00ednculos internos. Essas a\u00e7\u00f5es est\u00e3o organizadas em pilares estrat\u00e9gicos, que orientam o desenvolvimento humano, o engajamento e a constru\u00e7\u00e3o de um ambiente de trabalho saud\u00e1vel, colaborativo e sustent\u00e1vel. \u00cdcones interativos \u2014 clique para mais detalhes Iniciativas A Yamada Brasil desenvolve um conjunto de iniciativas estruturadas que refletem seu compromisso com as pessoas, a cultura organizacional, a sustentabilidade, a diversidade e o fortalecimento dos v\u00ednculos internos. Essas a\u00e7\u00f5es est\u00e3o organizadas em pilares estrat\u00e9gicos, que orientam o desenvolvimento humano, o engajamento e a constru\u00e7\u00e3o de um ambiente de trabalho saud\u00e1vel, colaborativo e sustent\u00e1vel. \u00cdcones interativos \u2014 clique para mais detalhes<\/p>","protected":false},"author":1,"featured_media":0,"parent":0,"menu_order":0,"comment_status":"closed","ping_status":"closed","template":"","meta":{"footnotes":""},"class_list":["post-42","page","type-page","status-publish","hentry","entry"],"_links":{"self":[{"href":"https:\/\/yamadabrasil.com.br\/ja\/wp-json\/wp\/v2\/pages\/42","targetHints":{"allow":["GET"]}}],"collection":[{"href":"https:\/\/yamadabrasil.com.br\/ja\/wp-json\/wp\/v2\/pages"}],"about":[{"href":"https:\/\/yamadabrasil.com.br\/ja\/wp-json\/wp\/v2\/types\/page"}],"author":[{"embeddable":true,"href":"https:\/\/yamadabrasil.com.br\/ja\/wp-json\/wp\/v2\/users\/1"}],"replies":[{"embeddable":true,"href":"https:\/\/yamadabrasil.com.br\/ja\/wp-json\/wp\/v2\/comments?post=42"}],"version-history":[{"count":49,"href":"https:\/\/yamadabrasil.com.br\/ja\/wp-json\/wp\/v2\/pages\/42\/revisions"}],"predecessor-version":[{"id":1976,"href":"https:\/\/yamadabrasil.com.br\/ja\/wp-json\/wp\/v2\/pages\/42\/revisions\/1976"}],"wp:attachment":[{"href":"https:\/\/yamadabrasil.com.br\/ja\/wp-json\/wp\/v2\/media?parent=42"}],"curies":[{"name":"wp","href":"https:\/\/api.w.org\/{rel}","templated":true}]}}